{"id":5605,"date":"2024-03-16T03:01:22","date_gmt":"2024-03-16T03:01:22","guid":{"rendered":"https:\/\/sergioamate.com\/?page_id=5605"},"modified":"2024-12-12T18:03:23","modified_gmt":"2024-12-12T17:03:23","slug":"creacion-contenido","status":"publish","type":"page","link":"https:\/\/sergioamate.com\/eng\/studio\/creacion-contenido\/","title":{"rendered":"Creaci\u00f3n de contenido"},"content":{"rendered":"<div data-elementor-type=\"wp-page\" data-elementor-id=\"5605\" class=\"elementor elementor-5605\">\n\t\t\t\t<div class=\"elementor-element elementor-element-480321a0 e-con-full e-flex e-con e-parent\" data-id=\"480321a0\" data-element_type=\"container\" data-e-type=\"container\" data-settings=\"{&quot;background_background&quot;:&quot;classic&quot;,&quot;shape_divider_bottom&quot;:&quot;mountains&quot;}\">\n\t\t\t\t<div class=\"elementor-shape elementor-shape-bottom\" aria-hidden=\"true\" data-negative=\"false\">\n\t\t\t<svg xmlns=\"http:\/\/www.w3.org\/2000\/svg\" viewbox=\"0 0 1000 100\" preserveaspectratio=\"none\">\n\t<path class=\"elementor-shape-fill\" opacity=\"0.33\" d=\"M473,67.3c-203.9,88.3-263.1-34-320.3,0C66,119.1,0,59.7,0,59.7V0h1000v59.7 c0,0-62.1,26.1-94.9,29.3c-32.8,3.3-62.8-12.3-75.8-22.1C806,49.6,745.3,8.7,694.9,4.7S492.4,59,473,67.3z\"\/>\n\t<path class=\"elementor-shape-fill\" opacity=\"0.66\" d=\"M734,67.3c-45.5,0-77.2-23.2-129.1-39.1c-28.6-8.7-150.3-10.1-254,39.1 s-91.7-34.4-149.2,0C115.7,118.3,0,39.8,0,39.8V0h1000v36.5c0,0-28.2-18.5-92.1-18.5C810.2,18.1,775.7,67.3,734,67.3z\"\/>\n\t<path class=\"elementor-shape-fill\" d=\"M766.1,28.9c-200-57.5-266,65.5-395.1,19.5C242,1.8,242,5.4,184.8,20.6C128,35.8,132.3,44.9,89.9,52.5C28.6,63.7,0,0,0,0 h1000c0,0-9.9,40.9-83.6,48.1S829.6,47,766.1,28.9z\"\/>\n<\/svg>\t\t<\/div>\n\t\t\t\t<div class=\"elementor-element elementor-element-35a8e76b elementor-widget elementor-widget-heading\" data-id=\"35a8e76b\" data-element_type=\"widget\" data-e-type=\"widget\" data-widget_type=\"heading.default\">\n\t\t\t\t<div class=\"elementor-widget-container\">\n\t\t\t\t\t<h2 class=\"elementor-heading-title elementor-size-default\">CONTENT CREATION<\/h2>\t\t\t\t<\/div>\n\t\t\t\t<\/div>\n\t\t\t\t<\/div>\n\t\t<div class=\"elementor-element elementor-element-72f2298e e-flex e-con-boxed e-con e-parent\" data-id=\"72f2298e\" data-element_type=\"container\" data-e-type=\"container\">\n\t\t\t\t\t<div class=\"e-con-inner\">\n\t\t<div class=\"elementor-element elementor-element-418817ff e-con-full e-flex e-con e-child\" data-id=\"418817ff\" data-element_type=\"container\" data-e-type=\"container\">\n\t\t<div class=\"elementor-element elementor-element-132122b5 e-con-full e-flex e-con e-child\" data-id=\"132122b5\" data-element_type=\"container\" data-e-type=\"container\">\n\t\t<div class=\"elementor-element elementor-element-5072fb48 e-con-full e-flex e-con e-child\" data-id=\"5072fb48\" data-element_type=\"container\" data-e-type=\"container\">\n\t\t\t\t<div class=\"elementor-element elementor-element-613c4747 elementor-widget elementor-widget-image\" data-id=\"613c4747\" data-element_type=\"widget\" data-e-type=\"widget\" data-widget_type=\"image.default\">\n\t\t\t\t<div class=\"elementor-widget-container\">\n\t\t\t\t\t\t\t\t\t\t\t\t\t\t\t<img fetchpriority=\"high\" decoding=\"async\" width=\"1024\" height=\"683\" src=\"https:\/\/sergioamate.com\/wp-content\/uploads\/2024\/03\/socialmedia-collab-service-cover-1024x683.png\" class=\"attachment-large size-large wp-image-5718\" alt=\"\" srcset=\"https:\/\/sergioamate.com\/wp-content\/uploads\/2024\/03\/socialmedia-collab-service-cover-1024x683.png 1024w, https:\/\/sergioamate.com\/wp-content\/uploads\/2024\/03\/socialmedia-collab-service-cover-600x400.png 600w, https:\/\/sergioamate.com\/wp-content\/uploads\/2024\/03\/socialmedia-collab-service-cover-300x200.png 300w, https:\/\/sergioamate.com\/wp-content\/uploads\/2024\/03\/socialmedia-collab-service-cover-768x512.png 768w, https:\/\/sergioamate.com\/wp-content\/uploads\/2024\/03\/socialmedia-collab-service-cover.png 1200w\" sizes=\"(max-width: 1024px) 100vw, 1024px\" \/>\t\t\t\t\t\t\t\t\t\t\t\t\t\t\t<\/div>\n\t\t\t\t<\/div>\n\t\t\t\t<\/div>\n\t\t<div class=\"elementor-element elementor-element-aaa2dd3 e-con-full e-flex e-con e-child\" data-id=\"aaa2dd3\" data-element_type=\"container\" data-e-type=\"container\" data-settings=\"{&quot;background_background&quot;:&quot;classic&quot;}\">\n\t\t\t\t<div class=\"elementor-element elementor-element-429a93c2 elementor-widget elementor-widget-heading\" data-id=\"429a93c2\" data-element_type=\"widget\" data-e-type=\"widget\" data-widget_type=\"heading.default\">\n\t\t\t\t<div class=\"elementor-widget-container\">\n\t\t\t\t\t<h3 class=\"elementor-heading-title elementor-size-default\">COLLABORATION<\/h3>\t\t\t\t<\/div>\n\t\t\t\t<\/div>\n\t\t\t\t<div class=\"elementor-element elementor-element-7d1e7e47 elementor-widget-divider--view-line elementor-widget elementor-widget-divider\" data-id=\"7d1e7e47\" data-element_type=\"widget\" data-e-type=\"widget\" data-widget_type=\"divider.default\">\n\t\t\t\t<div class=\"elementor-widget-container\">\n\t\t\t\t\t\t\t<div class=\"elementor-divider\">\n\t\t\t<span class=\"elementor-divider-separator\">\n\t\t\t\t\t\t<\/span>\n\t\t<\/div>\n\t\t\t\t\t\t<\/div>\n\t\t\t\t<\/div>\n\t\t\t\t<div class=\"elementor-element elementor-element-1d09db26 elementor-widget elementor-widget-text-editor\" data-id=\"1d09db26\" data-element_type=\"widget\" data-e-type=\"widget\" data-widget_type=\"text-editor.default\">\n\t\t\t\t<div class=\"elementor-widget-container\">\n\t\t\t\t\t\t\t\t\t<ul><li>Access to my audience on YouTube and Instagram<\/li><li><span style=\"font-size: 16px;\">Shoot-Outs, giveaways, reviews\u2026 you name it!<\/span><\/li><li><span style=\"font-size: 16px;\">Reels, Post, Stories\u2026 all formats included<\/span><\/li><li><span style=\"font-size: 16px;\">All content is usable for your own platforms as well as your website.<\/span><\/li><li><span style=\"font-size: 16px;\">The values of both parties have to align<br \/><\/span><span style=\"font-family: var( --e-global-typography-text-font-family ), Sans-serif; font-style: inherit;\">Check out my work and bio!<\/span><\/li><\/ul><p>For paid partnerships, let&#039;s get in touch first and discuss!<\/p>\t\t\t\t\t\t\t\t<\/div>\n\t\t\t\t<\/div>\n\t\t\t\t<div class=\"elementor-element elementor-element-2e88e9cc elementor-align-left elementor-mobile-align-center elementor-widget elementor-widget-button\" data-id=\"2e88e9cc\" data-element_type=\"widget\" data-e-type=\"widget\" data-widget_type=\"button.default\">\n\t\t\t\t<div class=\"elementor-widget-container\">\n\t\t\t\t\t\t\t\t\t<div class=\"elementor-button-wrapper\">\n\t\t\t\t\t<a class=\"elementor-button elementor-button-link elementor-size-sm\" href=\"https:\/\/sergioamate.com\/contacto\/\">\n\t\t\t\t\t\t<span class=\"elementor-button-content-wrapper\">\n\t\t\t\t\t\t\t\t\t<span class=\"elementor-button-text\">ASK FOR YOUR QUOTE<\/span>\n\t\t\t\t\t<\/span>\n\t\t\t\t\t<\/a>\n\t\t\t\t<\/div>\n\t\t\t\t\t\t\t\t<\/div>\n\t\t\t\t<\/div>\n\t\t\t\t<\/div>\n\t\t\t\t<\/div>\n\t\t<div class=\"elementor-element elementor-element-2db8a91c e-con-full e-flex e-con e-child\" data-id=\"2db8a91c\" data-element_type=\"container\" data-e-type=\"container\">\n\t\t<div class=\"elementor-element elementor-element-4f26f80d e-con-full e-flex e-con e-child\" data-id=\"4f26f80d\" data-element_type=\"container\" data-e-type=\"container\" data-settings=\"{&quot;background_background&quot;:&quot;classic&quot;}\">\n\t\t\t\t<div class=\"elementor-element elementor-element-507815c4 elementor-widget elementor-widget-heading\" data-id=\"507815c4\" data-element_type=\"widget\" data-e-type=\"widget\" data-widget_type=\"heading.default\">\n\t\t\t\t<div class=\"elementor-widget-container\">\n\t\t\t\t\t<h3 class=\"elementor-heading-title elementor-size-default\">PRODUCT REVIEW<\/h3>\t\t\t\t<\/div>\n\t\t\t\t<\/div>\n\t\t\t\t<div class=\"elementor-element elementor-element-310ec362 elementor-widget-divider--view-line elementor-widget elementor-widget-divider\" data-id=\"310ec362\" data-element_type=\"widget\" data-e-type=\"widget\" data-widget_type=\"divider.default\">\n\t\t\t\t<div class=\"elementor-widget-container\">\n\t\t\t\t\t\t\t<div class=\"elementor-divider\">\n\t\t\t<span class=\"elementor-divider-separator\">\n\t\t\t\t\t\t<\/span>\n\t\t<\/div>\n\t\t\t\t\t\t<\/div>\n\t\t\t\t<\/div>\n\t\t\t\t<div class=\"elementor-element elementor-element-1a9d9775 elementor-widget elementor-widget-text-editor\" data-id=\"1a9d9775\" data-element_type=\"widget\" data-e-type=\"widget\" data-widget_type=\"text-editor.default\">\n\t\t\t\t<div class=\"elementor-widget-container\">\n\t\t\t\t\t\t\t\t\t<ul style=\"font-size: 16px; font-style: normal; list-style-position: outside; list-style-type: disc;\"><li style=\"font-size: 16px;\"><p>In-depth review on YouTube<\/p><\/li><li style=\"font-size: 16px;\"><p>Short content for Instagram and Tik Tok<\/p><\/li><li style=\"font-size: 16px;\"><p>Professional showcase of any product or service<\/p><\/li><li style=\"font-size: 16px;\"><p>Real-world use case scenarios<\/p><\/li><\/ul>\t\t\t\t\t\t\t\t<\/div>\n\t\t\t\t<\/div>\n\t\t\t\t<div class=\"elementor-element elementor-element-5d07f25b elementor-align-right elementor-mobile-align-center elementor-widget elementor-widget-button\" data-id=\"5d07f25b\" data-element_type=\"widget\" data-e-type=\"widget\" data-widget_type=\"button.default\">\n\t\t\t\t<div class=\"elementor-widget-container\">\n\t\t\t\t\t\t\t\t\t<div class=\"elementor-button-wrapper\">\n\t\t\t\t\t<a class=\"elementor-button elementor-button-link elementor-size-sm\" href=\"https:\/\/sergioamate.com\/contacto\/\">\n\t\t\t\t\t\t<span class=\"elementor-button-content-wrapper\">\n\t\t\t\t\t\t\t\t\t<span class=\"elementor-button-text\">ASK FOR YOUR QUOTE<\/span>\n\t\t\t\t\t<\/span>\n\t\t\t\t\t<\/a>\n\t\t\t\t<\/div>\n\t\t\t\t\t\t\t\t<\/div>\n\t\t\t\t<\/div>\n\t\t\t\t<\/div>\n\t\t<div class=\"elementor-element elementor-element-76c26b5a e-con-full e-flex e-con e-child\" data-id=\"76c26b5a\" data-element_type=\"container\" data-e-type=\"container\">\n\t\t\t\t<div class=\"elementor-element elementor-element-132d3b36 elementor-widget elementor-widget-image\" data-id=\"132d3b36\" data-element_type=\"widget\" data-e-type=\"widget\" data-widget_type=\"image.default\">\n\t\t\t\t<div class=\"elementor-widget-container\">\n\t\t\t\t\t\t\t\t\t\t\t\t\t\t\t<img decoding=\"async\" width=\"1024\" height=\"683\" src=\"https:\/\/sergioamate.com\/wp-content\/uploads\/2024\/03\/socialmedia-product-service-cover-1024x683.png\" class=\"attachment-large size-large wp-image-5717\" alt=\"\" srcset=\"https:\/\/sergioamate.com\/wp-content\/uploads\/2024\/03\/socialmedia-product-service-cover-1024x683.png 1024w, https:\/\/sergioamate.com\/wp-content\/uploads\/2024\/03\/socialmedia-product-service-cover-600x400.png 600w, https:\/\/sergioamate.com\/wp-content\/uploads\/2024\/03\/socialmedia-product-service-cover-300x200.png 300w, https:\/\/sergioamate.com\/wp-content\/uploads\/2024\/03\/socialmedia-product-service-cover-768x512.png 768w, https:\/\/sergioamate.com\/wp-content\/uploads\/2024\/03\/socialmedia-product-service-cover.png 1200w\" sizes=\"(max-width: 1024px) 100vw, 1024px\" \/>\t\t\t\t\t\t\t\t\t\t\t\t\t\t\t<\/div>\n\t\t\t\t<\/div>\n\t\t\t\t<\/div>\n\t\t\t\t<\/div>\n\t\t<div class=\"elementor-element elementor-element-5a6441f4 e-con-full e-flex e-con e-child\" data-id=\"5a6441f4\" data-element_type=\"container\" data-e-type=\"container\">\n\t\t<div class=\"elementor-element elementor-element-5652184f e-con-full e-flex e-con e-child\" data-id=\"5652184f\" data-element_type=\"container\" data-e-type=\"container\">\n\t\t\t\t<div class=\"elementor-element elementor-element-7d26647 elementor-widget elementor-widget-image\" data-id=\"7d26647\" data-element_type=\"widget\" data-e-type=\"widget\" data-widget_type=\"image.default\">\n\t\t\t\t<div class=\"elementor-widget-container\">\n\t\t\t\t\t\t\t\t\t\t\t\t\t\t\t<img decoding=\"async\" width=\"1024\" height=\"683\" src=\"https:\/\/sergioamate.com\/wp-content\/uploads\/2024\/03\/003__ESCOCIA-RIII_DSC5231-1024x683.jpg\" class=\"attachment-large size-large wp-image-4918\" alt=\"\" srcset=\"https:\/\/sergioamate.com\/wp-content\/uploads\/2024\/03\/003__ESCOCIA-RIII_DSC5231-1024x683.jpg 1024w, https:\/\/sergioamate.com\/wp-content\/uploads\/2024\/03\/003__ESCOCIA-RIII_DSC5231-600x400.jpg 600w, https:\/\/sergioamate.com\/wp-content\/uploads\/2024\/03\/003__ESCOCIA-RIII_DSC5231-300x200.jpg 300w, https:\/\/sergioamate.com\/wp-content\/uploads\/2024\/03\/003__ESCOCIA-RIII_DSC5231-768x512.jpg 768w, https:\/\/sergioamate.com\/wp-content\/uploads\/2024\/03\/003__ESCOCIA-RIII_DSC5231-1536x1025.jpg 1536w, https:\/\/sergioamate.com\/wp-content\/uploads\/2024\/03\/003__ESCOCIA-RIII_DSC5231.jpg 1920w\" sizes=\"(max-width: 1024px) 100vw, 1024px\" \/>\t\t\t\t\t\t\t\t\t\t\t\t\t\t\t<\/div>\n\t\t\t\t<\/div>\n\t\t\t\t<\/div>\n\t\t<div class=\"elementor-element elementor-element-2e3bb6ef e-con-full e-flex e-con e-child\" data-id=\"2e3bb6ef\" data-element_type=\"container\" data-e-type=\"container\" data-settings=\"{&quot;background_background&quot;:&quot;classic&quot;}\">\n\t\t\t\t<div class=\"elementor-element elementor-element-4eb13cb elementor-widget elementor-widget-heading\" data-id=\"4eb13cb\" data-element_type=\"widget\" data-e-type=\"widget\" data-widget_type=\"heading.default\">\n\t\t\t\t<div class=\"elementor-widget-container\">\n\t\t\t\t\t<h3 class=\"elementor-heading-title elementor-size-default\">SPONSORSHIPS<\/h3>\t\t\t\t<\/div>\n\t\t\t\t<\/div>\n\t\t\t\t<div class=\"elementor-element elementor-element-1ad1e7a8 elementor-widget-divider--view-line elementor-widget elementor-widget-divider\" data-id=\"1ad1e7a8\" data-element_type=\"widget\" data-e-type=\"widget\" data-widget_type=\"divider.default\">\n\t\t\t\t<div class=\"elementor-widget-container\">\n\t\t\t\t\t\t\t<div class=\"elementor-divider\">\n\t\t\t<span class=\"elementor-divider-separator\">\n\t\t\t\t\t\t<\/span>\n\t\t<\/div>\n\t\t\t\t\t\t<\/div>\n\t\t\t\t<\/div>\n\t\t\t\t<div class=\"elementor-element elementor-element-6fd81537 elementor-widget elementor-widget-text-editor\" data-id=\"6fd81537\" data-element_type=\"widget\" data-e-type=\"widget\" data-widget_type=\"text-editor.default\">\n\t\t\t\t<div class=\"elementor-widget-container\">\n\t\t\t\t\t\t\t\t\t<ul><li><p>30 minute pre-production call<\/p><\/li><li><p>Weekly or monthly<\/p><\/li><li><p>Dedicated sponsor space on YouTube<\/p><\/li><li><p>Short content on Instagram<\/p><\/li><li><p>Full control of the piece before it is published<\/p><\/li><\/ul><p style=\"text-align: center;\">From <strong>\u20ac20.00\/10k views on YouTube<\/strong><\/p>\t\t\t\t\t\t\t\t<\/div>\n\t\t\t\t<\/div>\n\t\t\t\t<div class=\"elementor-element elementor-element-47245530 elementor-align-left elementor-mobile-align-center elementor-widget elementor-widget-button\" data-id=\"47245530\" data-element_type=\"widget\" data-e-type=\"widget\" data-widget_type=\"button.default\">\n\t\t\t\t<div class=\"elementor-widget-container\">\n\t\t\t\t\t\t\t\t\t<div class=\"elementor-button-wrapper\">\n\t\t\t\t\t<a class=\"elementor-button elementor-button-link elementor-size-sm\" href=\"https:\/\/sergioamate.com\/contacto\/\">\n\t\t\t\t\t\t<span class=\"elementor-button-content-wrapper\">\n\t\t\t\t\t\t\t\t\t<span class=\"elementor-button-text\">ASK FOR YOUR QUOTE<\/span>\n\t\t\t\t\t<\/span>\n\t\t\t\t\t<\/a>\n\t\t\t\t<\/div>\n\t\t\t\t\t\t\t\t<\/div>\n\t\t\t\t<\/div>\n\t\t\t\t<\/div>\n\t\t\t\t<\/div>\n\t\t\t\t<\/div>\n\t\t\t\t\t<\/div>\n\t\t\t\t<\/div>\n\t\t\t\t<\/div>","protected":false},"excerpt":{"rendered":"<p>CREACI\u00d3N DE CONTENIDO COLABORACI\u00d3N Acceso a mi audiencia en YouTube e Instagram Shoot-Outs, sorteos, rese\u00f1as&#8230; \u00a1lo que sea! Reels, Post, Stories&#8230; todos los formatos incluidos Todo contenido es utilizable para tus propias plataformas, as\u00ed como para tu sitio web. Los valores de ambas partes tienen que alinearse\u00a1Echa un vistazo a mi trabajo y biograf\u00eda! Para [&hellip;]<\/p>\n","protected":false},"author":1,"featured_media":0,"parent":32,"menu_order":0,"comment_status":"closed","ping_status":"closed","template":"","meta":{"site-sidebar-layout":"no-sidebar","site-content-layout":"page-builder","ast-site-content-layout":"full-width-container","site-content-style":"default","site-sidebar-style":"default","ast-global-header-display":"","ast-banner-title-visibility":"","ast-main-header-display":"","ast-hfb-above-header-display":"","ast-hfb-below-header-display":"","ast-hfb-mobile-header-display":"","site-post-title":"disabled","ast-breadcrumbs-content":"","ast-featured-img":"disabled","footer-sml-layout":"","ast-disable-related-posts":"","theme-transparent-header-meta":"","adv-header-id-meta":"","stick-header-meta":"","header-above-stick-meta":"","header-main-stick-meta":"","header-below-stick-meta":"","astra-migrate-meta-layouts":"set","ast-page-background-enabled":"default","ast-page-background-meta":{"desktop":{"background-color":"","background-image":"","background-repeat":"repeat","background-position":"center center","background-size":"auto","background-attachment":"scroll","background-type":"","background-media":"","overlay-type":"","overlay-color":"","overlay-opacity":"","overlay-gradient":""},"tablet":{"background-color":"","background-image":"","background-repeat":"repeat","background-position":"center center","background-size":"auto","background-attachment":"scroll","background-type":"","background-media":"","overlay-type":"","overlay-color":"","overlay-opacity":"","overlay-gradient":""},"mobile":{"background-color":"","background-image":"","background-repeat":"repeat","background-position":"center center","background-size":"auto","background-attachment":"scroll","background-type":"","background-media":"","overlay-type":"","overlay-color":"","overlay-opacity":"","overlay-gradient":""}},"ast-content-background-meta":{"desktop":{"background-color":"var(--ast-global-color-5)","background-image":"","background-repeat":"repeat","background-position":"center center","background-size":"auto","background-attachment":"scroll","background-type":"","background-media":"","overlay-type":"","overlay-color":"","overlay-opacity":"","overlay-gradient":""},"tablet":{"background-color":"var(--ast-global-color-5)","background-image":"","background-repeat":"repeat","background-position":"center center","background-size":"auto","background-attachment":"scroll","background-type":"","background-media":"","overlay-type":"","overlay-color":"","overlay-opacity":"","overlay-gradient":""},"mobile":{"background-color":"var(--ast-global-color-5)","background-image":"","background-repeat":"repeat","background-position":"center center","background-size":"auto","background-attachment":"scroll","background-type":"","background-media":"","overlay-type":"","overlay-color":"","overlay-opacity":"","overlay-gradient":""}},"footnotes":""},"class_list":["post-5605","page","type-page","status-publish","hentry"],"aioseo_notices":[],"jetpack_sharing_enabled":true,"_links":{"self":[{"href":"https:\/\/sergioamate.com\/eng\/wp-json\/wp\/v2\/pages\/5605","targetHints":{"allow":["GET"]}}],"collection":[{"href":"https:\/\/sergioamate.com\/eng\/wp-json\/wp\/v2\/pages"}],"about":[{"href":"https:\/\/sergioamate.com\/eng\/wp-json\/wp\/v2\/types\/page"}],"author":[{"embeddable":true,"href":"https:\/\/sergioamate.com\/eng\/wp-json\/wp\/v2\/users\/1"}],"replies":[{"embeddable":true,"href":"https:\/\/sergioamate.com\/eng\/wp-json\/wp\/v2\/comments?post=5605"}],"version-history":[{"count":0,"href":"https:\/\/sergioamate.com\/eng\/wp-json\/wp\/v2\/pages\/5605\/revisions"}],"up":[{"embeddable":true,"href":"https:\/\/sergioamate.com\/eng\/wp-json\/wp\/v2\/pages\/32"}],"wp:attachment":[{"href":"https:\/\/sergioamate.com\/eng\/wp-json\/wp\/v2\/media?parent=5605"}],"curies":[{"name":"wp","href":"https:\/\/api.w.org\/{rel}","templated":true}]}}