{"id":5573,"date":"2024-03-16T01:38:55","date_gmt":"2024-03-16T01:38:55","guid":{"rendered":"https:\/\/sergioamate.com\/?page_id=5573"},"modified":"2024-12-12T17:24:04","modified_gmt":"2024-12-12T16:24:04","slug":"servicio-foto","status":"publish","type":"page","link":"https:\/\/sergioamate.com\/eng\/studio\/servicio-foto\/","title":{"rendered":"Servicio Fotogr\u00e1fico"},"content":{"rendered":"<div data-elementor-type=\"wp-page\" data-elementor-id=\"5573\" class=\"elementor elementor-5573\">\n\t\t\t\t<div class=\"elementor-element elementor-element-35b44e3 e-con-full e-flex e-con e-parent\" data-id=\"35b44e3\" data-element_type=\"container\" data-e-type=\"container\" data-settings=\"{&quot;background_background&quot;:&quot;classic&quot;,&quot;shape_divider_bottom&quot;:&quot;mountains&quot;}\">\n\t\t\t\t<div class=\"elementor-shape elementor-shape-bottom\" aria-hidden=\"true\" data-negative=\"false\">\n\t\t\t<svg xmlns=\"http:\/\/www.w3.org\/2000\/svg\" viewbox=\"0 0 1000 100\" preserveaspectratio=\"none\">\n\t<path class=\"elementor-shape-fill\" opacity=\"0.33\" d=\"M473,67.3c-203.9,88.3-263.1-34-320.3,0C66,119.1,0,59.7,0,59.7V0h1000v59.7 c0,0-62.1,26.1-94.9,29.3c-32.8,3.3-62.8-12.3-75.8-22.1C806,49.6,745.3,8.7,694.9,4.7S492.4,59,473,67.3z\"\/>\n\t<path class=\"elementor-shape-fill\" opacity=\"0.66\" d=\"M734,67.3c-45.5,0-77.2-23.2-129.1-39.1c-28.6-8.7-150.3-10.1-254,39.1 s-91.7-34.4-149.2,0C115.7,118.3,0,39.8,0,39.8V0h1000v36.5c0,0-28.2-18.5-92.1-18.5C810.2,18.1,775.7,67.3,734,67.3z\"\/>\n\t<path class=\"elementor-shape-fill\" d=\"M766.1,28.9c-200-57.5-266,65.5-395.1,19.5C242,1.8,242,5.4,184.8,20.6C128,35.8,132.3,44.9,89.9,52.5C28.6,63.7,0,0,0,0 h1000c0,0-9.9,40.9-83.6,48.1S829.6,47,766.1,28.9z\"\/>\n<\/svg>\t\t<\/div>\n\t\t\t\t<div class=\"elementor-element elementor-element-53c42af elementor-widget elementor-widget-heading\" data-id=\"53c42af\" data-element_type=\"widget\" data-e-type=\"widget\" data-widget_type=\"heading.default\">\n\t\t\t\t<div class=\"elementor-widget-container\">\n\t\t\t\t\t<h2 class=\"elementor-heading-title elementor-size-default\">PHOTOGRAPHIC SERVICES<\/h2>\t\t\t\t<\/div>\n\t\t\t\t<\/div>\n\t\t\t\t<\/div>\n\t\t<div class=\"elementor-element elementor-element-7dc9474 e-flex e-con-boxed e-con e-parent\" data-id=\"7dc9474\" data-element_type=\"container\" data-e-type=\"container\">\n\t\t\t\t\t<div class=\"e-con-inner\">\n\t\t<div class=\"elementor-element elementor-element-ad44ce5 e-con-full e-flex e-con e-child\" data-id=\"ad44ce5\" data-element_type=\"container\" data-e-type=\"container\">\n\t\t<div class=\"elementor-element elementor-element-13e21ff e-con-full e-flex e-con e-child\" data-id=\"13e21ff\" data-element_type=\"container\" data-e-type=\"container\">\n\t\t<div class=\"elementor-element elementor-element-39460d2 e-con-full e-flex e-con e-child\" data-id=\"39460d2\" data-element_type=\"container\" data-e-type=\"container\">\n\t\t\t\t<div class=\"elementor-element elementor-element-ae1a448 elementor-widget elementor-widget-image\" data-id=\"ae1a448\" data-element_type=\"widget\" data-e-type=\"widget\" data-widget_type=\"image.default\">\n\t\t\t\t<div class=\"elementor-widget-container\">\n\t\t\t\t\t\t\t\t\t\t\t\t\t\t\t<img fetchpriority=\"high\" decoding=\"async\" width=\"1024\" height=\"683\" src=\"https:\/\/sergioamate.com\/wp-content\/uploads\/2024\/03\/011-1024x683.jpg\" class=\"attachment-large size-large wp-image-5588\" alt=\"\" srcset=\"https:\/\/sergioamate.com\/wp-content\/uploads\/2024\/03\/011-1024x683.jpg 1024w, https:\/\/sergioamate.com\/wp-content\/uploads\/2024\/03\/011-scaled-e1710556742522-600x400.jpg 600w, https:\/\/sergioamate.com\/wp-content\/uploads\/2024\/03\/011-300x200.jpg 300w, https:\/\/sergioamate.com\/wp-content\/uploads\/2024\/03\/011-768x512.jpg 768w, https:\/\/sergioamate.com\/wp-content\/uploads\/2024\/03\/011-1536x1024.jpg 1536w, https:\/\/sergioamate.com\/wp-content\/uploads\/2024\/03\/011-2048x1365.jpg 2048w, https:\/\/sergioamate.com\/wp-content\/uploads\/2024\/03\/011-scaled-e1710556742522.jpg 1200w\" sizes=\"(max-width: 1024px) 100vw, 1024px\" \/>\t\t\t\t\t\t\t\t\t\t\t\t\t\t\t<\/div>\n\t\t\t\t<\/div>\n\t\t\t\t<\/div>\n\t\t<div class=\"elementor-element elementor-element-a17b0f6 e-con-full e-flex e-con e-child\" data-id=\"a17b0f6\" data-element_type=\"container\" data-e-type=\"container\" data-settings=\"{&quot;background_background&quot;:&quot;classic&quot;}\">\n\t\t\t\t<div class=\"elementor-element elementor-element-b2eac22 elementor-widget elementor-widget-heading\" data-id=\"b2eac22\" data-element_type=\"widget\" data-e-type=\"widget\" data-widget_type=\"heading.default\">\n\t\t\t\t<div class=\"elementor-widget-container\">\n\t\t\t\t\t<h3 class=\"elementor-heading-title elementor-size-default\">WEDDING<\/h3>\t\t\t\t<\/div>\n\t\t\t\t<\/div>\n\t\t\t\t<div class=\"elementor-element elementor-element-6ae0749 elementor-widget-divider--view-line elementor-widget elementor-widget-divider\" data-id=\"6ae0749\" data-element_type=\"widget\" data-e-type=\"widget\" data-widget_type=\"divider.default\">\n\t\t\t\t<div class=\"elementor-widget-container\">\n\t\t\t\t\t\t\t<div class=\"elementor-divider\">\n\t\t\t<span class=\"elementor-divider-separator\">\n\t\t\t\t\t\t<\/span>\n\t\t<\/div>\n\t\t\t\t\t\t<\/div>\n\t\t\t\t<\/div>\n\t\t\t\t<div class=\"elementor-element elementor-element-7597980 elementor-widget elementor-widget-text-editor\" data-id=\"7597980\" data-element_type=\"widget\" data-e-type=\"widget\" data-widget_type=\"text-editor.default\">\n\t\t\t\t<div class=\"elementor-widget-container\">\n\t\t\t\t\t\t\t\t\t<ul><li><p>Full day photo shoot (up to 10 hours)<\/p><\/li><li><p>2 Photographers<\/p><\/li><li><p>Coverage from preparation to the last dance<\/p><\/li><li><p><span style=\"font-size: 16px;\">30 Final photos delivered in less than 30 days<\/span><\/p><\/li><li><p>2 Rounds of Review<\/p><\/li><li><p>Accessories: Instant camera, rolls of film\u2026<\/p><\/li><\/ul><p style=\"text-align: center;\">From<strong>\u00a03000,00\u20ac <em>IVA inc.<\/em><\/strong><\/p>\t\t\t\t\t\t\t\t<\/div>\n\t\t\t\t<\/div>\n\t\t\t\t<div class=\"elementor-element elementor-element-82d1434 elementor-align-left elementor-mobile-align-center elementor-widget elementor-widget-button\" data-id=\"82d1434\" data-element_type=\"widget\" data-e-type=\"widget\" data-widget_type=\"button.default\">\n\t\t\t\t<div class=\"elementor-widget-container\">\n\t\t\t\t\t\t\t\t\t<div class=\"elementor-button-wrapper\">\n\t\t\t\t\t<a class=\"elementor-button elementor-button-link elementor-size-sm\" href=\"https:\/\/sergioamate.com\/contacto\/\">\n\t\t\t\t\t\t<span class=\"elementor-button-content-wrapper\">\n\t\t\t\t\t\t\t\t\t<span class=\"elementor-button-text\">ASK FOR YOUR QUOTE<\/span>\n\t\t\t\t\t<\/span>\n\t\t\t\t\t<\/a>\n\t\t\t\t<\/div>\n\t\t\t\t\t\t\t\t<\/div>\n\t\t\t\t<\/div>\n\t\t\t\t<\/div>\n\t\t\t\t<\/div>\n\t\t<div class=\"elementor-element elementor-element-0c1f985 e-con-full e-flex e-con e-child\" data-id=\"0c1f985\" data-element_type=\"container\" data-e-type=\"container\">\n\t\t<div class=\"elementor-element elementor-element-248f7c6 e-con-full e-flex e-con e-child\" data-id=\"248f7c6\" data-element_type=\"container\" data-e-type=\"container\" data-settings=\"{&quot;background_background&quot;:&quot;classic&quot;}\">\n\t\t\t\t<div class=\"elementor-element elementor-element-4caa499 elementor-widget elementor-widget-heading\" data-id=\"4caa499\" data-element_type=\"widget\" data-e-type=\"widget\" data-widget_type=\"heading.default\">\n\t\t\t\t<div class=\"elementor-widget-container\">\n\t\t\t\t\t<h3 class=\"elementor-heading-title elementor-size-default\">EVENTS<\/h3>\t\t\t\t<\/div>\n\t\t\t\t<\/div>\n\t\t\t\t<div class=\"elementor-element elementor-element-d60eb45 elementor-widget-divider--view-line elementor-widget elementor-widget-divider\" data-id=\"d60eb45\" data-element_type=\"widget\" data-e-type=\"widget\" data-widget_type=\"divider.default\">\n\t\t\t\t<div class=\"elementor-widget-container\">\n\t\t\t\t\t\t\t<div class=\"elementor-divider\">\n\t\t\t<span class=\"elementor-divider-separator\">\n\t\t\t\t\t\t<\/span>\n\t\t<\/div>\n\t\t\t\t\t\t<\/div>\n\t\t\t\t<\/div>\n\t\t\t\t<div class=\"elementor-element elementor-element-bd0bfe8 elementor-widget elementor-widget-text-editor\" data-id=\"bd0bfe8\" data-element_type=\"widget\" data-e-type=\"widget\" data-widget_type=\"text-editor.default\">\n\t\t\t\t<div class=\"elementor-widget-container\">\n\t\t\t\t\t\t\t\t\t<ul style=\"font-size: 16px; font-style: normal; list-style-position: outside; list-style-type: disc;\"><li style=\"font-size: 16px;\"><p>Full coverage of the event<\/p><\/li><li style=\"font-size: 16px;\"><p>Fast JPG transfer (live events)<\/p><\/li><li style=\"font-size: 16px;\"><p>Various positions on the stage<\/p><\/li><li style=\"font-size: 16px;\"><p>15 Final Editions delivered in 48h<\/p><\/li><li style=\"font-size: 16px;\"><p>2 Rounds of Review<\/p><\/li><\/ul><p style=\"font-size: 16px; font-style: normal; text-align: center;\">From<strong>\u00a0500,00\u20ac\u00a0<em>IVA inc.<\/em><\/strong><\/p>\t\t\t\t\t\t\t\t<\/div>\n\t\t\t\t<\/div>\n\t\t\t\t<div class=\"elementor-element elementor-element-54f0ae2 elementor-align-right elementor-mobile-align-center elementor-widget elementor-widget-button\" data-id=\"54f0ae2\" data-element_type=\"widget\" data-e-type=\"widget\" data-widget_type=\"button.default\">\n\t\t\t\t<div class=\"elementor-widget-container\">\n\t\t\t\t\t\t\t\t\t<div class=\"elementor-button-wrapper\">\n\t\t\t\t\t<a class=\"elementor-button elementor-button-link elementor-size-sm\" href=\"https:\/\/sergioamate.com\/contacto\/\">\n\t\t\t\t\t\t<span class=\"elementor-button-content-wrapper\">\n\t\t\t\t\t\t\t\t\t<span class=\"elementor-button-text\">ASK FOR YOUR QUOTE<\/span>\n\t\t\t\t\t<\/span>\n\t\t\t\t\t<\/a>\n\t\t\t\t<\/div>\n\t\t\t\t\t\t\t\t<\/div>\n\t\t\t\t<\/div>\n\t\t\t\t<\/div>\n\t\t<div class=\"elementor-element elementor-element-dc43a3a e-con-full e-flex e-con e-child\" data-id=\"dc43a3a\" data-element_type=\"container\" data-e-type=\"container\">\n\t\t\t\t<div class=\"elementor-element elementor-element-6035ec2 elementor-widget elementor-widget-image\" data-id=\"6035ec2\" data-element_type=\"widget\" data-e-type=\"widget\" data-widget_type=\"image.default\">\n\t\t\t\t<div class=\"elementor-widget-container\">\n\t\t\t\t\t\t\t\t\t\t\t\t\t\t\t<img decoding=\"async\" width=\"1024\" height=\"683\" src=\"https:\/\/sergioamate.com\/wp-content\/uploads\/2024\/03\/photography-event-service-cover-1024x683.png\" class=\"attachment-large size-large wp-image-5589\" alt=\"\" srcset=\"https:\/\/sergioamate.com\/wp-content\/uploads\/2024\/03\/photography-event-service-cover-1024x683.png 1024w, https:\/\/sergioamate.com\/wp-content\/uploads\/2024\/03\/photography-event-service-cover-600x400.png 600w, https:\/\/sergioamate.com\/wp-content\/uploads\/2024\/03\/photography-event-service-cover-300x200.png 300w, https:\/\/sergioamate.com\/wp-content\/uploads\/2024\/03\/photography-event-service-cover-768x512.png 768w, https:\/\/sergioamate.com\/wp-content\/uploads\/2024\/03\/photography-event-service-cover.png 1200w\" sizes=\"(max-width: 1024px) 100vw, 1024px\" \/>\t\t\t\t\t\t\t\t\t\t\t\t\t\t\t<\/div>\n\t\t\t\t<\/div>\n\t\t\t\t<\/div>\n\t\t\t\t<\/div>\n\t\t<div class=\"elementor-element elementor-element-c3888c2 e-con-full e-flex e-con e-child\" data-id=\"c3888c2\" data-element_type=\"container\" data-e-type=\"container\">\n\t\t<div class=\"elementor-element elementor-element-8ac562d e-con-full e-flex e-con e-child\" data-id=\"8ac562d\" data-element_type=\"container\" data-e-type=\"container\">\n\t\t\t\t<div class=\"elementor-element elementor-element-d9212cb elementor-widget elementor-widget-image\" data-id=\"d9212cb\" data-element_type=\"widget\" data-e-type=\"widget\" data-widget_type=\"image.default\">\n\t\t\t\t<div class=\"elementor-widget-container\">\n\t\t\t\t\t\t\t\t\t\t\t\t\t\t\t<img decoding=\"async\" width=\"1024\" height=\"683\" src=\"https:\/\/sergioamate.com\/wp-content\/uploads\/2024\/03\/photography-service-cover-1024x683.png\" class=\"attachment-large size-large wp-image-5582\" alt=\"\" srcset=\"https:\/\/sergioamate.com\/wp-content\/uploads\/2024\/03\/photography-service-cover-1024x683.png 1024w, https:\/\/sergioamate.com\/wp-content\/uploads\/2024\/03\/photography-service-cover-600x400.png 600w, https:\/\/sergioamate.com\/wp-content\/uploads\/2024\/03\/photography-service-cover-300x200.png 300w, https:\/\/sergioamate.com\/wp-content\/uploads\/2024\/03\/photography-service-cover-768x512.png 768w, https:\/\/sergioamate.com\/wp-content\/uploads\/2024\/03\/photography-service-cover.png 1200w\" sizes=\"(max-width: 1024px) 100vw, 1024px\" \/>\t\t\t\t\t\t\t\t\t\t\t\t\t\t\t<\/div>\n\t\t\t\t<\/div>\n\t\t\t\t<\/div>\n\t\t<div class=\"elementor-element elementor-element-480ad92 e-con-full e-flex e-con e-child\" data-id=\"480ad92\" data-element_type=\"container\" data-e-type=\"container\" data-settings=\"{&quot;background_background&quot;:&quot;classic&quot;}\">\n\t\t\t\t<div class=\"elementor-element elementor-element-8ba6375 elementor-widget elementor-widget-heading\" data-id=\"8ba6375\" data-element_type=\"widget\" data-e-type=\"widget\" data-widget_type=\"heading.default\">\n\t\t\t\t<div class=\"elementor-widget-container\">\n\t\t\t\t\t<h3 class=\"elementor-heading-title elementor-size-default\">OUTDOOR SESSION<\/h3>\t\t\t\t<\/div>\n\t\t\t\t<\/div>\n\t\t\t\t<div class=\"elementor-element elementor-element-d96e213 elementor-widget-divider--view-line elementor-widget elementor-widget-divider\" data-id=\"d96e213\" data-element_type=\"widget\" data-e-type=\"widget\" data-widget_type=\"divider.default\">\n\t\t\t\t<div class=\"elementor-widget-container\">\n\t\t\t\t\t\t\t<div class=\"elementor-divider\">\n\t\t\t<span class=\"elementor-divider-separator\">\n\t\t\t\t\t\t<\/span>\n\t\t<\/div>\n\t\t\t\t\t\t<\/div>\n\t\t\t\t<\/div>\n\t\t\t\t<div class=\"elementor-element elementor-element-8e97b80 elementor-widget elementor-widget-text-editor\" data-id=\"8e97b80\" data-element_type=\"widget\" data-e-type=\"widget\" data-widget_type=\"text-editor.default\">\n\t\t\t\t<div class=\"elementor-widget-container\">\n\t\t\t\t\t\t\t\t\t<ul><li><p>Half day or full day photo session<\/p><\/li><li><p>Various locations determined by them<\/p><\/li><li><p>15 Final Editions delivered in 48h<\/p><\/li><li><p>2 Rounds of Review<\/p><\/li><li><p>Optional add-on: printed editions up to 40x30<\/p><\/li><\/ul><p style=\"text-align: center;\">From<strong> 250,00\u20ac <em>IVA inc.<\/em><\/strong><\/p>\t\t\t\t\t\t\t\t<\/div>\n\t\t\t\t<\/div>\n\t\t\t\t<div class=\"elementor-element elementor-element-5cb2d7f elementor-align-left elementor-mobile-align-center elementor-widget elementor-widget-button\" data-id=\"5cb2d7f\" data-element_type=\"widget\" data-e-type=\"widget\" data-widget_type=\"button.default\">\n\t\t\t\t<div class=\"elementor-widget-container\">\n\t\t\t\t\t\t\t\t\t<div class=\"elementor-button-wrapper\">\n\t\t\t\t\t<a class=\"elementor-button elementor-button-link elementor-size-sm\" href=\"https:\/\/sergioamate.com\/contacto\/\">\n\t\t\t\t\t\t<span class=\"elementor-button-content-wrapper\">\n\t\t\t\t\t\t\t\t\t<span class=\"elementor-button-text\">ASK FOR YOUR QUOTE<\/span>\n\t\t\t\t\t<\/span>\n\t\t\t\t\t<\/a>\n\t\t\t\t<\/div>\n\t\t\t\t\t\t\t\t<\/div>\n\t\t\t\t<\/div>\n\t\t\t\t<\/div>\n\t\t\t\t<\/div>\n\t\t<div class=\"elementor-element elementor-element-cb55076 e-con-full e-flex e-con e-child\" data-id=\"cb55076\" data-element_type=\"container\" data-e-type=\"container\">\n\t\t<div class=\"elementor-element elementor-element-7749410 e-con-full e-flex e-con e-child\" data-id=\"7749410\" data-element_type=\"container\" data-e-type=\"container\" data-settings=\"{&quot;background_background&quot;:&quot;classic&quot;}\">\n\t\t\t\t<div class=\"elementor-element elementor-element-8151126 elementor-widget elementor-widget-heading\" data-id=\"8151126\" data-element_type=\"widget\" data-e-type=\"widget\" data-widget_type=\"heading.default\">\n\t\t\t\t<div class=\"elementor-widget-container\">\n\t\t\t\t\t<h3 class=\"elementor-heading-title elementor-size-default\">STUDIO SESSION<\/h3>\t\t\t\t<\/div>\n\t\t\t\t<\/div>\n\t\t\t\t<div class=\"elementor-element elementor-element-90663ea elementor-widget-divider--view-line elementor-widget elementor-widget-divider\" data-id=\"90663ea\" data-element_type=\"widget\" data-e-type=\"widget\" data-widget_type=\"divider.default\">\n\t\t\t\t<div class=\"elementor-widget-container\">\n\t\t\t\t\t\t\t<div class=\"elementor-divider\">\n\t\t\t<span class=\"elementor-divider-separator\">\n\t\t\t\t\t\t<\/span>\n\t\t<\/div>\n\t\t\t\t\t\t<\/div>\n\t\t\t\t<\/div>\n\t\t\t\t<div class=\"elementor-element elementor-element-ef17e37 elementor-widget elementor-widget-text-editor\" data-id=\"ef17e37\" data-element_type=\"widget\" data-e-type=\"widget\" data-widget_type=\"text-editor.default\">\n\t\t\t\t<div class=\"elementor-widget-container\">\n\t\t\t\t\t\t\t\t\t<ul><li>Half day or full day photo session<\/li><li><span style=\"font-size: 16px;\">Rental of complete lighting equipment<\/span><\/li><li><span style=\"font-size: 16px;\">15 Final Editions delivered in 48h<\/span><\/li><li><span style=\"font-size: 16px;\">2 Rounds of Review<\/span><\/li><li><span style=\"font-size: 16px;\">Optional add-on: printed editions up to 40x30<\/span><\/li><\/ul><p style=\"text-align: center;\">From<b>\u00a0450,00\u20ac\u00a0<\/b><b><i>IVA inc.<\/i><\/b><\/p>\t\t\t\t\t\t\t\t<\/div>\n\t\t\t\t<\/div>\n\t\t\t\t<div class=\"elementor-element elementor-element-ea55213 elementor-align-right elementor-mobile-align-center elementor-widget elementor-widget-button\" data-id=\"ea55213\" data-element_type=\"widget\" data-e-type=\"widget\" data-widget_type=\"button.default\">\n\t\t\t\t<div class=\"elementor-widget-container\">\n\t\t\t\t\t\t\t\t\t<div class=\"elementor-button-wrapper\">\n\t\t\t\t\t<a class=\"elementor-button elementor-button-link elementor-size-sm\" href=\"https:\/\/sergioamate.com\/contacto\/\">\n\t\t\t\t\t\t<span class=\"elementor-button-content-wrapper\">\n\t\t\t\t\t\t\t\t\t<span class=\"elementor-button-text\">ASK FOR YOUR QUOTE<\/span>\n\t\t\t\t\t<\/span>\n\t\t\t\t\t<\/a>\n\t\t\t\t<\/div>\n\t\t\t\t\t\t\t\t<\/div>\n\t\t\t\t<\/div>\n\t\t\t\t<\/div>\n\t\t<div class=\"elementor-element elementor-element-377c022 e-con-full e-flex e-con e-child\" data-id=\"377c022\" data-element_type=\"container\" data-e-type=\"container\">\n\t\t\t\t<div class=\"elementor-element elementor-element-b175429 elementor-widget elementor-widget-image\" data-id=\"b175429\" data-element_type=\"widget\" data-e-type=\"widget\" data-widget_type=\"image.default\">\n\t\t\t\t<div class=\"elementor-widget-container\">\n\t\t\t\t\t\t\t\t\t\t\t\t\t\t\t<img loading=\"lazy\" decoding=\"async\" width=\"1024\" height=\"683\" src=\"https:\/\/sergioamate.com\/wp-content\/uploads\/2024\/03\/photography-studio-service-cover-1024x683.png\" class=\"attachment-large size-large wp-image-5583\" alt=\"\" srcset=\"https:\/\/sergioamate.com\/wp-content\/uploads\/2024\/03\/photography-studio-service-cover-1024x683.png 1024w, https:\/\/sergioamate.com\/wp-content\/uploads\/2024\/03\/photography-studio-service-cover-600x400.png 600w, https:\/\/sergioamate.com\/wp-content\/uploads\/2024\/03\/photography-studio-service-cover-300x200.png 300w, https:\/\/sergioamate.com\/wp-content\/uploads\/2024\/03\/photography-studio-service-cover-768x512.png 768w, https:\/\/sergioamate.com\/wp-content\/uploads\/2024\/03\/photography-studio-service-cover.png 1200w\" sizes=\"(max-width: 1024px) 100vw, 1024px\" \/>\t\t\t\t\t\t\t\t\t\t\t\t\t\t\t<\/div>\n\t\t\t\t<\/div>\n\t\t\t\t<\/div>\n\t\t\t\t<\/div>\n\t\t\t\t<\/div>\n\t\t\t\t\t<\/div>\n\t\t\t\t<\/div>\n\t\t\t\t<\/div>","protected":false},"excerpt":{"rendered":"<p>SERVICIOS FOTOGR\u00c1FICOS BODAS Sesi\u00f3n de fotos de d\u00eda completo (hasta 10 horas) 2 Fot\u00f3grafos Cobertura desde la preparaci\u00f3n hasta el \u00faltimo baile 30 Fotos finales entregadas en menos de 30 d\u00edas 2 Rondas de revisi\u00f3n Complementos: C\u00e1mara instant\u00e1nea, Rollos de pel\u00edcula&#8230; A partir de\u00a03000,00\u20ac IVA inc. PIDE TU PRESUPUESTO EVENTOs Cobertura completa del evento Transferencia [&hellip;]<\/p>\n","protected":false},"author":1,"featured_media":0,"parent":32,"menu_order":0,"comment_status":"closed","ping_status":"closed","template":"","meta":{"site-sidebar-layout":"no-sidebar","site-content-layout":"page-builder","ast-site-content-layout":"full-width-container","site-content-style":"default","site-sidebar-style":"default","ast-global-header-display":"","ast-banner-title-visibility":"","ast-main-header-display":"","ast-hfb-above-header-display":"","ast-hfb-below-header-display":"","ast-hfb-mobile-header-display":"","site-post-title":"disabled","ast-breadcrumbs-content":"","ast-featured-img":"disabled","footer-sml-layout":"","ast-disable-related-posts":"","theme-transparent-header-meta":"","adv-header-id-meta":"","stick-header-meta":"","header-above-stick-meta":"","header-main-stick-meta":"","header-below-stick-meta":"","astra-migrate-meta-layouts":"set","ast-page-background-enabled":"default","ast-page-background-meta":{"desktop":{"background-color":"","background-image":"","background-repeat":"repeat","background-position":"center center","background-size":"auto","background-attachment":"scroll","background-type":"","background-media":"","overlay-type":"","overlay-color":"","overlay-opacity":"","overlay-gradient":""},"tablet":{"background-color":"","background-image":"","background-repeat":"repeat","background-position":"center center","background-size":"auto","background-attachment":"scroll","background-type":"","background-media":"","overlay-type":"","overlay-color":"","overlay-opacity":"","overlay-gradient":""},"mobile":{"background-color":"","background-image":"","background-repeat":"repeat","background-position":"center center","background-size":"auto","background-attachment":"scroll","background-type":"","background-media":"","overlay-type":"","overlay-color":"","overlay-opacity":"","overlay-gradient":""}},"ast-content-background-meta":{"desktop":{"background-color":"var(--ast-global-color-5)","background-image":"","background-repeat":"repeat","background-position":"center center","background-size":"auto","background-attachment":"scroll","background-type":"","background-media":"","overlay-type":"","overlay-color":"","overlay-opacity":"","overlay-gradient":""},"tablet":{"background-color":"var(--ast-global-color-5)","background-image":"","background-repeat":"repeat","background-position":"center center","background-size":"auto","background-attachment":"scroll","background-type":"","background-media":"","overlay-type":"","overlay-color":"","overlay-opacity":"","overlay-gradient":""},"mobile":{"background-color":"var(--ast-global-color-5)","background-image":"","background-repeat":"repeat","background-position":"center center","background-size":"auto","background-attachment":"scroll","background-type":"","background-media":"","overlay-type":"","overlay-color":"","overlay-opacity":"","overlay-gradient":""}},"footnotes":""},"class_list":["post-5573","page","type-page","status-publish","hentry"],"aioseo_notices":[],"jetpack_sharing_enabled":true,"_links":{"self":[{"href":"https:\/\/sergioamate.com\/eng\/wp-json\/wp\/v2\/pages\/5573","targetHints":{"allow":["GET"]}}],"collection":[{"href":"https:\/\/sergioamate.com\/eng\/wp-json\/wp\/v2\/pages"}],"about":[{"href":"https:\/\/sergioamate.com\/eng\/wp-json\/wp\/v2\/types\/page"}],"author":[{"embeddable":true,"href":"https:\/\/sergioamate.com\/eng\/wp-json\/wp\/v2\/users\/1"}],"replies":[{"embeddable":true,"href":"https:\/\/sergioamate.com\/eng\/wp-json\/wp\/v2\/comments?post=5573"}],"version-history":[{"count":0,"href":"https:\/\/sergioamate.com\/eng\/wp-json\/wp\/v2\/pages\/5573\/revisions"}],"up":[{"embeddable":true,"href":"https:\/\/sergioamate.com\/eng\/wp-json\/wp\/v2\/pages\/32"}],"wp:attachment":[{"href":"https:\/\/sergioamate.com\/eng\/wp-json\/wp\/v2\/media?parent=5573"}],"curies":[{"name":"wp","href":"https:\/\/api.w.org\/{rel}","templated":true}]}}